{"id":32,"date":"2025-03-09T14:51:33","date_gmt":"2025-03-09T13:51:33","guid":{"rendered":"http:\/\/disleurderire.fr\/?page_id=32"},"modified":"2026-01-11T19:01:57","modified_gmt":"2026-01-11T18:01:57","slug":"dis-leur-de-rire","status":"publish","type":"page","link":"https:\/\/disleurderire.fr\/","title":{"rendered":"Accueil"},"content":{"rendered":"\n<h1 class=\"wp-block-heading has-x-large-font-size\">Bienvenue sur le site de l&rsquo;Association Dis Leur De Rire<\/h1>\n\n\n\n<p>Dis leur de rire est une ligue d&rsquo;improvisation et une compagnie de th\u00e9\u00e2tre fond\u00e9e en 2018 \u00e0 Valenciennes (Nord).<\/p>\n\n\n\n<figure class=\"wp-block-video\"><video height=\"1080\" style=\"aspect-ratio: 1920 \/ 1080;\" width=\"1920\" autoplay src=\"https:\/\/disleurderire.fr\/wp-content\/uploads\/2025\/03\/intro-DLDR-site-internet.mp4\"><\/video><\/figure>\n\n\n\n<h2 class=\"wp-block-heading\">Nos prochains \u00e9v\u00e9nements:<\/h2>\n\n\n\n<p><\/p>\n\n\n\n<figure class=\"wp-block-gallery has-nested-images columns-default is-cropped wp-block-gallery-1 is-layout-flex wp-block-gallery-is-layout-flex\">\n<figure class=\"wp-block-image size-large\"><img loading=\"lazy\" decoding=\"async\" width=\"1024\" height=\"544\" data-id=\"245\" src=\"https:\/\/disleurderire.fr\/wp-content\/uploads\/2026\/01\/615277549_1545235816991206_2581289169600218467_n-1024x544.png\" alt=\"\" class=\"wp-image-245\" srcset=\"https:\/\/disleurderire.fr\/wp-content\/uploads\/2026\/01\/615277549_1545235816991206_2581289169600218467_n-1024x544.png 1024w, https:\/\/disleurderire.fr\/wp-content\/uploads\/2026\/01\/615277549_1545235816991206_2581289169600218467_n-300x160.png 300w, https:\/\/disleurderire.fr\/wp-content\/uploads\/2026\/01\/615277549_1545235816991206_2581289169600218467_n-768x408.png 768w, https:\/\/disleurderire.fr\/wp-content\/uploads\/2026\/01\/615277549_1545235816991206_2581289169600218467_n-1536x817.png 1536w, https:\/\/disleurderire.fr\/wp-content\/uploads\/2026\/01\/615277549_1545235816991206_2581289169600218467_n.png 1610w\" sizes=\"auto, (max-width: 1024px) 100vw, 1024px\" \/><\/figure>\n<\/figure>\n\n\n\n<p><\/p>\n","protected":false},"excerpt":{"rendered":"<p>Bienvenue sur le site de l&rsquo;Association Dis Leur De Rire Dis leur de rire est une ligue d&rsquo;improvisation et une compagnie de th\u00e9\u00e2tre fond\u00e9e en 2018 \u00e0 Valenciennes (Nord). Nos prochains \u00e9v\u00e9nements:<\/p>\n","protected":false},"author":1,"featured_media":0,"parent":0,"menu_order":0,"comment_status":"closed","ping_status":"closed","template":"","meta":{"footnotes":""},"class_list":["post-32","page","type-page","status-publish","hentry"],"_links":{"self":[{"href":"https:\/\/disleurderire.fr\/index.php\/wp-json\/wp\/v2\/pages\/32","targetHints":{"allow":["GET"]}}],"collection":[{"href":"https:\/\/disleurderire.fr\/index.php\/wp-json\/wp\/v2\/pages"}],"about":[{"href":"https:\/\/disleurderire.fr\/index.php\/wp-json\/wp\/v2\/types\/page"}],"author":[{"embeddable":true,"href":"https:\/\/disleurderire.fr\/index.php\/wp-json\/wp\/v2\/users\/1"}],"replies":[{"embeddable":true,"href":"https:\/\/disleurderire.fr\/index.php\/wp-json\/wp\/v2\/comments?post=32"}],"version-history":[{"count":16,"href":"https:\/\/disleurderire.fr\/index.php\/wp-json\/wp\/v2\/pages\/32\/revisions"}],"predecessor-version":[{"id":246,"href":"https:\/\/disleurderire.fr\/index.php\/wp-json\/wp\/v2\/pages\/32\/revisions\/246"}],"wp:attachment":[{"href":"https:\/\/disleurderire.fr\/index.php\/wp-json\/wp\/v2\/media?parent=32"}],"curies":[{"name":"wp","href":"https:\/\/api.w.org\/{rel}","templated":true}]}}