{"id":9,"date":"2025-03-16T16:04:44","date_gmt":"2025-03-16T15:04:44","guid":{"rendered":"http:\/\/disleurderire.fr\/?page_id=9"},"modified":"2025-03-16T16:04:44","modified_gmt":"2025-03-16T15:04:44","slug":"localisation","status":"publish","type":"page","link":"https:\/\/disleurderire.fr\/index.php\/localisation\/","title":{"rendered":"Localisation"},"content":{"rendered":"\n<p>Notre association est bas\u00e9e \u00e0 Valenciennes, dans le d\u00e9partement du Nord, en r\u00e9gion Hauts-de-France, \u00e0 40 km au sud de Lille, \u00e0 100 km de Bruxelles et 200 km&nbsp;de Paris.<\/p>\n\n\n\n<p>Nos r\u00e9p\u00e9titions se d\u00e9roulent \u00e0 la Maison des Associations de Valenciennes.<\/p>\n\n\n\n<p>84, Rue du Faubourg de Paris<\/p>\n\n\n\n<p>\u200b<\/p>\n\n\n\n<p>Nous jouons un peu partout sur le Valenciennois, notamment \u00e0 la MJC Espace Ath\u00e9na de Saint-Saulve, \u00e0 la Maison des Associations et \u00e0 l&rsquo;Espace Pierre Richard.<\/p>\n\n\n<p><iframe src=\"https:\/\/www.google.com\/maps\/embed?pb=!1m18!1m12!1m3!1d5091.408476208541!2d3.5086389767976316!3d50.353421594345!2m3!1f0!2f0!3f0!3m2!1i1024!2i768!4f13.1!3m3!1m2!1s0x47c2edb71ff1404b%3A0x974a0f9308f906a!2s84%20Rue%20du%20Faubourg%20de%20Paris%2C%2059300%20Valenciennes!5e0!3m2!1sfr!2sfr!4v1742137265151!5m2!1sfr!2sfr\" width=\"600\" height=\"450\" style=\"border:0;\" allowfullscreen=\"\" loading=\"lazy\" referrerpolicy=\"no-referrer-when-downgrade\"><\/iframe><\/p>\n\n\n<p><iframe loading=\"lazy\" id=\"widget_autocomplete_preview\"  width=\"150\" height=\"300\" frameborder=\"0\" src=\"https:\/\/meteofrance.com\/widget\/prevision\/596060##3D6AA2\" title=\"Pr\u00e9visions Valenciennes par M\u00e9t\u00e9o-France\"> <\/iframe><\/p>\n","protected":false},"excerpt":{"rendered":"<p>Notre association est bas\u00e9e \u00e0 Valenciennes, dans le d\u00e9partement du Nord, en r\u00e9gion Hauts-de-France, \u00e0 40 km au sud de Lille, \u00e0 100 km de Bruxelles et 200 km&nbsp;de Paris. Nos r\u00e9p\u00e9titions se d\u00e9roulent \u00e0 la Maison des Associations de Valenciennes. 84, Rue du Faubourg de Paris \u200b Nous jouons un peu partout sur le [&hellip;]<\/p>\n","protected":false},"author":1,"featured_media":0,"parent":0,"menu_order":0,"comment_status":"closed","ping_status":"closed","template":"","meta":{"footnotes":""},"class_list":["post-9","page","type-page","status-publish","hentry"],"_links":{"self":[{"href":"https:\/\/disleurderire.fr\/index.php\/wp-json\/wp\/v2\/pages\/9","targetHints":{"allow":["GET"]}}],"collection":[{"href":"https:\/\/disleurderire.fr\/index.php\/wp-json\/wp\/v2\/pages"}],"about":[{"href":"https:\/\/disleurderire.fr\/index.php\/wp-json\/wp\/v2\/types\/page"}],"author":[{"embeddable":true,"href":"https:\/\/disleurderire.fr\/index.php\/wp-json\/wp\/v2\/users\/1"}],"replies":[{"embeddable":true,"href":"https:\/\/disleurderire.fr\/index.php\/wp-json\/wp\/v2\/comments?post=9"}],"version-history":[{"count":3,"href":"https:\/\/disleurderire.fr\/index.php\/wp-json\/wp\/v2\/pages\/9\/revisions"}],"predecessor-version":[{"id":138,"href":"https:\/\/disleurderire.fr\/index.php\/wp-json\/wp\/v2\/pages\/9\/revisions\/138"}],"wp:attachment":[{"href":"https:\/\/disleurderire.fr\/index.php\/wp-json\/wp\/v2\/media?parent=9"}],"curies":[{"name":"wp","href":"https:\/\/api.w.org\/{rel}","templated":true}]}}